{"id":20,"date":"2026-03-29T03:38:28","date_gmt":"2026-03-29T03:38:28","guid":{"rendered":"https:\/\/privatexzone.com\/?page_id=20"},"modified":"2026-04-07T16:23:04","modified_gmt":"2026-04-07T16:23:04","slug":"home","status":"publish","type":"page","link":"https:\/\/privatexzone.com\/","title":{"rendered":"Home"},"content":{"rendered":"\t\t<div data-elementor-type=\"wp-page\" data-elementor-id=\"20\" class=\"elementor elementor-20\">\n\t\t\t\t<div class=\"elementor-element elementor-element-1150cbfa e-flex e-con-boxed e-con e-parent\" data-id=\"1150cbfa\" data-element_type=\"container\" data-e-type=\"container\">\n\t\t\t\t\t<div class=\"e-con-inner\">\n\t\t\t\t<div class=\"elementor-element elementor-element-1c1d2e41 elementor-widget elementor-widget-text-editor\" data-id=\"1c1d2e41\" data-element_type=\"widget\" data-e-type=\"widget\" data-widget_type=\"text-editor.default\">\n\t\t\t\t\t\t\t\t\t<style><span data-mce-type=\"bookmark\" style=\"display: inline-block; width: 0px; overflow: hidden; line-height: 0;\" class=\"mce_SELRES_start\">\ufeff<\/span><span data-mce-type=\"bookmark\" style=\"display: inline-block; width: 0px; overflow: hidden; line-height: 0;\" class=\"mce_SELRES_start\">\ufeff<\/span><br \/>.home-hero {<br \/>  background: #0D0D0D;<br \/>  text-align: center;<br \/>  padding: 60px 20px;<br \/>  color: #fff;<br \/>  font-family: Georgia, serif;<br \/>}<\/p>\n<p>.home-hero h1 {<br \/>  font-size: 2em;<br \/>  color: #C8102E;<br \/>  margin-bottom: 10px;<br \/>  text-transform: uppercase;<br \/>  letter-spacing: 3px;<br \/>}<\/p>\n<p>.home-hero p {<br \/>  font-size: 1.1em;<br \/>  color: #ccc;<br \/>  max-width: 600px;<br \/>  margin: 0 auto 30px;<br \/>  line-height: 1.8;<br \/>}<\/p>\n<p>.home-cta {<br \/>  display: inline-block;<br \/>  background: #C8102E;<br \/>  color: #fff;<br \/>  padding: 15px 40px;<br \/>  text-decoration: none;<br \/>  font-weight: bold;<br \/>  border-radius: 5px;<br \/>  font-size: 1.1em;<br \/>  letter-spacing: 1px;<br \/>  transition: background 0.3s;<br \/>}<\/p>\n<p>.home-features {<br \/>  background: #111;<br \/>  padding: 50px 20px;<br \/>  text-align: center;<br \/>}<\/p>\n<p>.home-features h2 {<br \/>  color: #C8102E;<br \/>  font-size: 1.5em;<br \/>  margin-bottom: 30px;<br \/>  font-family: Georgia, serif;<br \/>  text-transform: uppercase;<br \/>  letter-spacing: 2px;<br \/>}<\/p>\n<p>.features-grid {<br \/>  display: flex;<br \/>  flex-wrap: wrap;<br \/>  justify-content: center;<br \/>  gap: 20px;<br \/>  max-width: 800px;<br \/>  margin: 0 auto;<br \/>}<\/p>\n<p>.feature-item {<br \/>  background: #1a1a1a;<br \/>  border: 1px solid #333;<br \/>  border-radius: 10px;<br \/>  padding: 25px 20px;<br \/>  width: 200px;<br \/>  color: #ccc;<br \/>  font-family: Georgia, serif;<br \/>}<\/p>\n<p>.feature-item .icon {<br \/>  font-size: 2em;<br \/>  margin-bottom: 10px;<br \/>}<\/p>\n<p>.feature-item p {<br \/>  font-size: 0.9em;<br \/>  color: #aaa;<br \/>  margin-top: 8px;<br \/>}<\/p>\n<p>.home-final {<br \/>  background: #0D0D0D;<br \/>  text-align: center;<br \/>  padding: 50px 20px;<br \/>  font-family: Georgia, serif;<br \/>}<\/p>\n<p>.home-final h2 {<br \/>  color: #fff;<br \/>  font-size: 1.5em;<br \/>  margin-bottom: 15px;<br \/>}<\/p>\n<p>.home-final p {<br \/>  color: #aaa;<br \/>  margin-bottom: 25px;<br \/>}<br \/><\/style>\n<div class=\"home-hero\">\n<h1>Bienvenido a Private X Zone<\/h1>\n<div style=\"margin:20px 0; border-radius:12px; overflow:hidden; position:relative;\">\n  <img decoding=\"async\" src=\"https:\/\/privatexzone.com\/wp-content\/uploads\/2026\/04\/Screenshot_20260405-143533_1.jpg\" alt=\"Pilar Prince\" style=\"width:100%; max-height:400px; object-fit:cover; object-position:center top; display:block; filter:brightness(0.85);\">\n  <div style=\"position:absolute; bottom:0; left:0; right:0; background:linear-gradient(transparent, rgba(0,0,0,0.85)); padding:20px; text-align:center;\">\n    <p style=\"color:#fff; font-family:Georgia,serif; font-size:1.1em; letter-spacing:2px; margin:0;\">Solo para quienes se atreven \ud83d\udd25<\/p>\n  <\/div>\n<\/div>&nbsp;\n\nContenido exclusivo, \u00edntimo y completamente privado. Soy Pilar Prince y aqu\u00ed encontrar\u00e1s experiencias \u00fanicas dise\u00f1adas solo para ti.\n\n<a class=\"home-cta\" href=\"\/suscripciones\">Ver Planes de Suscripci\u00f3n<\/a>\n\n<\/div>\n<div class=\"home-features\">\n<h2>\u00bfQu\u00e9 incluye tu suscripci\u00f3n?<\/h2>\n<div class=\"features-grid\">\n<div class=\"feature-item\">\n<div class=\"icon\">\ud83d\udcf8<\/div>\n<strong>Fotos Exclusivas<\/strong>\n\nContenido fotogr\u00e1fico privado cada semana\n\n<\/div>\n<div class=\"feature-item\">\n<div class=\"icon\">\ud83c\udfa5<\/div>\n<strong>Videos Privados<\/strong>\n\nVideos \u00edntimos solo para suscriptores\n<div class=\"feature-item\">\n<div class=\"icon\">\ud83c\udf81<\/div>\n<strong>Contenido Personalizado<\/strong>\n\nSolicita fotos o videos a tu medida\n\nTransmisiones exclusivas para miembros\n\n<\/div>\n<\/div>\n<\/div>\n<div class=\"home-final\">\n<h2>\u00bfListo para entrar?<\/h2>\nElige tu plan y accede a todo mi contenido exclusivo desde hoy.\n\n<\/div>\n<\/div>\t\t\t\t\t\t\t\t<\/div>\n\t\t\t\t<div class=\"elementor-element elementor-element-3a2949f elementor-widget elementor-widget-button\" data-id=\"3a2949f\" data-element_type=\"widget\" data-e-type=\"widget\" data-widget_type=\"button.default\">\n\t\t\t\t\t\t\t\t\t\t<a class=\"elementor-button elementor-button-link elementor-size-sm\" href=\"https:\/\/privatexzone.com\/?page_id=335\">\n\t\t\t\t\t\t<span class=\"elementor-button-content-wrapper\">\n\t\t\t\t\t\t\t\t\t<span class=\"elementor-button-text\">Haz Ver Planes de Suscripci\u00f3n aqu\u00ed<\/span>\n\t\t\t\t\t<\/span>\n\t\t\t\t\t<\/a>\n\t\t\t\t\t\t\t\t<\/div>\n\t\t\t\t\t<\/div>\n\t\t\t\t<\/div>\n\t\t<div class=\"elementor-element elementor-element-48f95a4 e-flex e-con-boxed e-con e-parent\" data-id=\"48f95a4\" data-element_type=\"container\" data-e-type=\"container\">\n\t\t\t\t\t<div class=\"e-con-inner\">\n\t\t\t\t\t<\/div>\n\t\t\t\t<\/div>\n\t\t<div class=\"elementor-element elementor-element-7f9da70 e-flex e-con-boxed e-con e-parent\" data-id=\"7f9da70\" data-element_type=\"container\" data-e-type=\"container\">\n\t\t\t\t\t<div class=\"e-con-inner\">\n\t\t\t\t\t<\/div>\n\t\t\t\t<\/div>\n\t\t<div class=\"elementor-element elementor-element-3d59a94 e-flex e-con-boxed e-con e-parent\" data-id=\"3d59a94\" data-element_type=\"container\" data-e-type=\"container\">\n\t\t\t\t\t<div class=\"e-con-inner\">\n\t\t\t\t<div class=\"elementor-element elementor-element-ec5ba94 elementor-widget elementor-widget-text-editor\" data-id=\"ec5ba94\" data-element_type=\"widget\" data-e-type=\"widget\" data-widget_type=\"text-editor.default\">\n\t\t\t\t\t\t\t\t\t<div style=\"margin: 30px 0; border-radius: 16px; overflow: hidden; position: relative; box-shadow: 0 0 30px rgba(200,16,46,0.4);\"><p><img decoding=\"async\" style=\"width: 100%; max-height: 450px; object-fit: cover; object-position: center; display: block; filter: brightness(0.75);\" src=\"https:\/\/privatexzone.com\/wp-content\/uploads\/2026\/04\/Screenshot_20260406-170328.png\" alt=\"Pilar Prince\" \/><\/p><div style=\"position: absolute; top: 0; left: 0; right: 0; bottom: 0; background: linear-gradient(rgba(0,0,0,0.2), rgba(0,0,0,0.75)); display: flex; flex-direction: column; align-items: center; justify-content: flex-end; padding: 30px 20px; text-align: center;\"><h2 style=\"color: #fff; font-family: Georgia,serif; font-size: 1.6em; letter-spacing: 3px; margin-bottom: 10px; text-shadow: 0 2px 10px rgba(0,0,0,0.8);\"><span style=\"text-decoration: underline;\">\u00bfListo<\/span> para lo que viene?<\/h2><p style=\"color: #ddd; font-size: 0.95em; margin-bottom: 20px; font-family: Georgia,serif;\">El contenido que nunca imaginaste est\u00e1 esper\u00e1ndote.<\/p><p><a style=\"background: #C8102E; color: #fff; padding: 12px 32px; border-radius: 8px; text-decoration: none; font-weight: bold; font-size: 1em; letter-spacing: 1px;\" href=\"\/contacto\">\ud83d\udd25 QUIERO ACCESO AHORA<\/a><\/p><\/div><\/div>\t\t\t\t\t\t\t\t<\/div>\n\t\t\t\t\t<\/div>\n\t\t\t\t<\/div>\n\t\t\t\t<\/div>\n\t\t","protected":false},"excerpt":{"rendered":"<p>Bienvenido a Private X Zone Solo para quienes se atreven \ud83d\udd25 &nbsp; Contenido exclusivo, \u00edntimo y completamente privado. Soy Pilar Prince y aqu\u00ed encontrar\u00e1s experiencias \u00fanicas dise\u00f1adas solo para ti. Ver Planes de Suscripci\u00f3n \u00bfQu\u00e9 incluye tu suscripci\u00f3n? \ud83d\udcf8 Fotos Exclusivas Contenido fotogr\u00e1fico privado cada semana \ud83c\udfa5 Videos Privados Videos \u00edntimos solo para suscriptores \ud83c\udf81 [&hellip;]<\/p>\n","protected":false},"author":1,"featured_media":0,"parent":0,"menu_order":0,"comment_status":"closed","ping_status":"closed","template":"","meta":{"ocean_post_layout":"","ocean_both_sidebars_style":"","ocean_both_sidebars_content_width":0,"ocean_both_sidebars_sidebars_width":0,"ocean_sidebar":"","ocean_second_sidebar":"","ocean_disable_margins":"enable","ocean_add_body_class":"","ocean_shortcode_before_top_bar":"","ocean_shortcode_after_top_bar":"","ocean_shortcode_before_header":"","ocean_shortcode_after_header":"","ocean_has_shortcode":"","ocean_shortcode_after_title":"","ocean_shortcode_before_footer_widgets":"","ocean_shortcode_after_footer_widgets":"","ocean_shortcode_before_footer_bottom":"","ocean_shortcode_after_footer_bottom":"","ocean_display_top_bar":"default","ocean_display_header":"default","ocean_header_style":"","ocean_center_header_left_menu":"","ocean_custom_header_template":"","ocean_custom_logo":0,"ocean_custom_retina_logo":0,"ocean_custom_logo_max_width":0,"ocean_custom_logo_tablet_max_width":0,"ocean_custom_logo_mobile_max_width":0,"ocean_custom_logo_max_height":0,"ocean_custom_logo_tablet_max_height":0,"ocean_custom_logo_mobile_max_height":0,"ocean_header_custom_menu":"","ocean_menu_typo_font_family":"","ocean_menu_typo_font_subset":"","ocean_menu_typo_font_size":0,"ocean_menu_typo_font_size_tablet":0,"ocean_menu_typo_font_size_mobile":0,"ocean_menu_typo_font_size_unit":"px","ocean_menu_typo_font_weight":"","ocean_menu_typo_font_weight_tablet":"","ocean_menu_typo_font_weight_mobile":"","ocean_menu_typo_transform":"","ocean_menu_typo_transform_tablet":"","ocean_menu_typo_transform_mobile":"","ocean_menu_typo_line_height":0,"ocean_menu_typo_line_height_tablet":0,"ocean_menu_typo_line_height_mobile":0,"ocean_menu_typo_line_height_unit":"","ocean_menu_typo_spacing":0,"ocean_menu_typo_spacing_tablet":0,"ocean_menu_typo_spacing_mobile":0,"ocean_menu_typo_spacing_unit":"","ocean_menu_link_color":"","ocean_menu_link_color_hover":"","ocean_menu_link_color_active":"","ocean_menu_link_background":"","ocean_menu_link_hover_background":"","ocean_menu_link_active_background":"","ocean_menu_social_links_bg":"","ocean_menu_social_hover_links_bg":"","ocean_menu_social_links_color":"","ocean_menu_social_hover_links_color":"","ocean_disable_title":"default","ocean_disable_heading":"default","ocean_post_title":"","ocean_post_subheading":"","ocean_post_title_style":"","ocean_post_title_background_color":"","ocean_post_title_background":0,"ocean_post_title_bg_image_position":"","ocean_post_title_bg_image_attachment":"","ocean_post_title_bg_image_repeat":"","ocean_post_title_bg_image_size":"","ocean_post_title_height":0,"ocean_post_title_bg_overlay":0.5,"ocean_post_title_bg_overlay_color":"","ocean_disable_breadcrumbs":"default","ocean_breadcrumbs_color":"","ocean_breadcrumbs_separator_color":"","ocean_breadcrumbs_links_color":"","ocean_breadcrumbs_links_hover_color":"","ocean_display_footer_widgets":"default","ocean_display_footer_bottom":"default","ocean_custom_footer_template":"","footnotes":""},"class_list":["post-20","page","type-page","status-publish","hentry","entry","owp-thumbs-layout-horizontal","owp-btn-normal","owp-tabs-layout-horizontal","has-no-thumbnails","has-product-nav"],"yoast_head":"<!-- This site is optimized with the Yoast SEO plugin v27.3 - https:\/\/yoast.com\/product\/yoast-seo-wordpress\/ -->\n<title>Pilar Prince \u00b7 Contenido Exclusivo Premium | PrivateXZone<\/title>\n<meta name=\"description\" content=\"Suscr\u00edbete y accede a contenido exclusivo de Pilar Prince. Shows en vivo, videos privados y m\u00e1s. Pago seguro con crypto.\" \/>\n<meta name=\"robots\" content=\"index, follow, max-snippet:-1, max-image-preview:large, max-video-preview:-1\" \/>\n<link rel=\"canonical\" href=\"https:\/\/privatexzone.com\/\" \/>\n<meta property=\"og:locale\" content=\"es_ES\" \/>\n<meta property=\"og:type\" content=\"article\" \/>\n<meta property=\"og:title\" content=\"Pilar Prince \u00b7 Contenido Exclusivo Premium | PrivateXZone\" \/>\n<meta property=\"og:description\" content=\"Suscr\u00edbete y accede a contenido exclusivo de Pilar Prince. Shows en vivo, videos privados y m\u00e1s. Pago seguro con crypto.\" \/>\n<meta property=\"og:url\" content=\"https:\/\/privatexzone.com\/\" \/>\n<meta property=\"og:site_name\" content=\"PrivateXZone\" \/>\n<meta property=\"article:modified_time\" content=\"2026-04-07T16:23:04+00:00\" \/>\n<meta property=\"og:image\" content=\"https:\/\/privatexzone.com\/wp-content\/uploads\/2026\/04\/Screenshot_20260405-143533_1.jpg\" \/>\n<meta name=\"twitter:card\" content=\"summary_large_image\" \/>\n<meta name=\"twitter:label1\" content=\"Tiempo de lectura\" \/>\n\t<meta name=\"twitter:data1\" content=\"2 minutos\" \/>\n<script type=\"application\/ld+json\" class=\"yoast-schema-graph\">{\"@context\":\"https:\\\/\\\/schema.org\",\"@graph\":[{\"@type\":\"WebPage\",\"@id\":\"https:\\\/\\\/privatexzone.com\\\/\",\"url\":\"https:\\\/\\\/privatexzone.com\\\/\",\"name\":\"Pilar Prince \u00b7 Contenido Exclusivo Premium | PrivateXZone\",\"isPartOf\":{\"@id\":\"https:\\\/\\\/privatexzone.com\\\/#website\"},\"primaryImageOfPage\":{\"@id\":\"https:\\\/\\\/privatexzone.com\\\/#primaryimage\"},\"image\":{\"@id\":\"https:\\\/\\\/privatexzone.com\\\/#primaryimage\"},\"thumbnailUrl\":\"https:\\\/\\\/privatexzone.com\\\/wp-content\\\/uploads\\\/2026\\\/04\\\/Screenshot_20260405-143533_1.jpg\",\"datePublished\":\"2026-03-29T03:38:28+00:00\",\"dateModified\":\"2026-04-07T16:23:04+00:00\",\"description\":\"Suscr\u00edbete y accede a contenido exclusivo de Pilar Prince. Shows en vivo, videos privados y m\u00e1s. Pago seguro con crypto.\",\"breadcrumb\":{\"@id\":\"https:\\\/\\\/privatexzone.com\\\/#breadcrumb\"},\"inLanguage\":\"es\",\"potentialAction\":[{\"@type\":\"ReadAction\",\"target\":[\"https:\\\/\\\/privatexzone.com\\\/\"]}]},{\"@type\":\"ImageObject\",\"inLanguage\":\"es\",\"@id\":\"https:\\\/\\\/privatexzone.com\\\/#primaryimage\",\"url\":\"https:\\\/\\\/privatexzone.com\\\/wp-content\\\/uploads\\\/2026\\\/04\\\/Screenshot_20260405-143533_1.jpg\",\"contentUrl\":\"https:\\\/\\\/privatexzone.com\\\/wp-content\\\/uploads\\\/2026\\\/04\\\/Screenshot_20260405-143533_1.jpg\",\"width\":654,\"height\":991},{\"@type\":\"BreadcrumbList\",\"@id\":\"https:\\\/\\\/privatexzone.com\\\/#breadcrumb\",\"itemListElement\":[{\"@type\":\"ListItem\",\"position\":1,\"name\":\"Portada\",\"item\":\"https:\\\/\\\/privatexzone.com\\\/\"},{\"@type\":\"ListItem\",\"position\":2,\"name\":\"Home\"}]},{\"@type\":\"WebSite\",\"@id\":\"https:\\\/\\\/privatexzone.com\\\/#website\",\"url\":\"https:\\\/\\\/privatexzone.com\\\/\",\"name\":\"PrivateXZone\",\"description\":\"Contenido exclusivo\",\"publisher\":{\"@id\":\"https:\\\/\\\/privatexzone.com\\\/#organization\"},\"potentialAction\":[{\"@type\":\"SearchAction\",\"target\":{\"@type\":\"EntryPoint\",\"urlTemplate\":\"https:\\\/\\\/privatexzone.com\\\/?s={search_term_string}\"},\"query-input\":{\"@type\":\"PropertyValueSpecification\",\"valueRequired\":true,\"valueName\":\"search_term_string\"}}],\"inLanguage\":\"es\"},{\"@type\":\"Organization\",\"@id\":\"https:\\\/\\\/privatexzone.com\\\/#organization\",\"name\":\"PrivateXZone\",\"url\":\"https:\\\/\\\/privatexzone.com\\\/\",\"logo\":{\"@type\":\"ImageObject\",\"inLanguage\":\"es\",\"@id\":\"https:\\\/\\\/privatexzone.com\\\/#\\\/schema\\\/logo\\\/image\\\/\",\"url\":\"https:\\\/\\\/privatexzone.com\\\/wp-content\\\/uploads\\\/2026\\\/04\\\/logo-privatexzone.png\",\"contentUrl\":\"https:\\\/\\\/privatexzone.com\\\/wp-content\\\/uploads\\\/2026\\\/04\\\/logo-privatexzone.png\",\"width\":600,\"height\":200,\"caption\":\"PrivateXZone\"},\"image\":{\"@id\":\"https:\\\/\\\/privatexzone.com\\\/#\\\/schema\\\/logo\\\/image\\\/\"}}]}<\/script>\n<!-- \/ Yoast SEO plugin. -->","yoast_head_json":{"title":"Pilar Prince \u00b7 Contenido Exclusivo Premium | PrivateXZone","description":"Suscr\u00edbete y accede a contenido exclusivo de Pilar Prince. Shows en vivo, videos privados y m\u00e1s. Pago seguro con crypto.","robots":{"index":"index","follow":"follow","max-snippet":"max-snippet:-1","max-image-preview":"max-image-preview:large","max-video-preview":"max-video-preview:-1"},"canonical":"https:\/\/privatexzone.com\/","og_locale":"es_ES","og_type":"article","og_title":"Pilar Prince \u00b7 Contenido Exclusivo Premium | PrivateXZone","og_description":"Suscr\u00edbete y accede a contenido exclusivo de Pilar Prince. Shows en vivo, videos privados y m\u00e1s. Pago seguro con crypto.","og_url":"https:\/\/privatexzone.com\/","og_site_name":"PrivateXZone","article_modified_time":"2026-04-07T16:23:04+00:00","og_image":[{"url":"https:\/\/privatexzone.com\/wp-content\/uploads\/2026\/04\/Screenshot_20260405-143533_1.jpg","type":"","width":"","height":""}],"twitter_card":"summary_large_image","twitter_misc":{"Tiempo de lectura":"2 minutos"},"schema":{"@context":"https:\/\/schema.org","@graph":[{"@type":"WebPage","@id":"https:\/\/privatexzone.com\/","url":"https:\/\/privatexzone.com\/","name":"Pilar Prince \u00b7 Contenido Exclusivo Premium | PrivateXZone","isPartOf":{"@id":"https:\/\/privatexzone.com\/#website"},"primaryImageOfPage":{"@id":"https:\/\/privatexzone.com\/#primaryimage"},"image":{"@id":"https:\/\/privatexzone.com\/#primaryimage"},"thumbnailUrl":"https:\/\/privatexzone.com\/wp-content\/uploads\/2026\/04\/Screenshot_20260405-143533_1.jpg","datePublished":"2026-03-29T03:38:28+00:00","dateModified":"2026-04-07T16:23:04+00:00","description":"Suscr\u00edbete y accede a contenido exclusivo de Pilar Prince. Shows en vivo, videos privados y m\u00e1s. Pago seguro con crypto.","breadcrumb":{"@id":"https:\/\/privatexzone.com\/#breadcrumb"},"inLanguage":"es","potentialAction":[{"@type":"ReadAction","target":["https:\/\/privatexzone.com\/"]}]},{"@type":"ImageObject","inLanguage":"es","@id":"https:\/\/privatexzone.com\/#primaryimage","url":"https:\/\/privatexzone.com\/wp-content\/uploads\/2026\/04\/Screenshot_20260405-143533_1.jpg","contentUrl":"https:\/\/privatexzone.com\/wp-content\/uploads\/2026\/04\/Screenshot_20260405-143533_1.jpg","width":654,"height":991},{"@type":"BreadcrumbList","@id":"https:\/\/privatexzone.com\/#breadcrumb","itemListElement":[{"@type":"ListItem","position":1,"name":"Portada","item":"https:\/\/privatexzone.com\/"},{"@type":"ListItem","position":2,"name":"Home"}]},{"@type":"WebSite","@id":"https:\/\/privatexzone.com\/#website","url":"https:\/\/privatexzone.com\/","name":"PrivateXZone","description":"Contenido exclusivo","publisher":{"@id":"https:\/\/privatexzone.com\/#organization"},"potentialAction":[{"@type":"SearchAction","target":{"@type":"EntryPoint","urlTemplate":"https:\/\/privatexzone.com\/?s={search_term_string}"},"query-input":{"@type":"PropertyValueSpecification","valueRequired":true,"valueName":"search_term_string"}}],"inLanguage":"es"},{"@type":"Organization","@id":"https:\/\/privatexzone.com\/#organization","name":"PrivateXZone","url":"https:\/\/privatexzone.com\/","logo":{"@type":"ImageObject","inLanguage":"es","@id":"https:\/\/privatexzone.com\/#\/schema\/logo\/image\/","url":"https:\/\/privatexzone.com\/wp-content\/uploads\/2026\/04\/logo-privatexzone.png","contentUrl":"https:\/\/privatexzone.com\/wp-content\/uploads\/2026\/04\/logo-privatexzone.png","width":600,"height":200,"caption":"PrivateXZone"},"image":{"@id":"https:\/\/privatexzone.com\/#\/schema\/logo\/image\/"}}]}},"_links":{"self":[{"href":"https:\/\/privatexzone.com\/index.php?rest_route=\/wp\/v2\/pages\/20","targetHints":{"allow":["GET"]}}],"collection":[{"href":"https:\/\/privatexzone.com\/index.php?rest_route=\/wp\/v2\/pages"}],"about":[{"href":"https:\/\/privatexzone.com\/index.php?rest_route=\/wp\/v2\/types\/page"}],"author":[{"embeddable":true,"href":"https:\/\/privatexzone.com\/index.php?rest_route=\/wp\/v2\/users\/1"}],"replies":[{"embeddable":true,"href":"https:\/\/privatexzone.com\/index.php?rest_route=%2Fwp%2Fv2%2Fcomments&post=20"}],"version-history":[{"count":5,"href":"https:\/\/privatexzone.com\/index.php?rest_route=\/wp\/v2\/pages\/20\/revisions"}],"predecessor-version":[{"id":484,"href":"https:\/\/privatexzone.com\/index.php?rest_route=\/wp\/v2\/pages\/20\/revisions\/484"}],"wp:attachment":[{"href":"https:\/\/privatexzone.com\/index.php?rest_route=%2Fwp%2Fv2%2Fmedia&parent=20"}],"curies":[{"name":"wp","href":"https:\/\/api.w.org\/{rel}","templated":true}]}}